{"id":1475,"date":"2023-12-04T15:19:18","date_gmt":"2023-12-04T15:19:18","guid":{"rendered":"https:\/\/belleile.it\/contatti\/"},"modified":"2026-03-27T08:26:14","modified_gmt":"2026-03-27T08:26:14","slug":"contatti","status":"publish","type":"page","link":"https:\/\/belleile.it\/es\/contatti\/","title":{"rendered":"Contactos"},"content":{"rendered":"\t\t<div data-elementor-type=\"wp-page\" data-elementor-id=\"1475\" class=\"elementor elementor-1475 elementor-143\" data-elementor-settings=\"{&quot;ha_cmc_init_switcher&quot;:&quot;no&quot;}\" data-elementor-post-type=\"page\">\n\t\t\t\t<div class=\"elementor-element elementor-element-b1172cc animated-slow e-flex e-con-boxed elementor-invisible e-con e-parent\" data-id=\"b1172cc\" data-element_type=\"container\" data-settings=\"{&quot;background_background&quot;:&quot;classic&quot;,&quot;animation&quot;:&quot;fadeIn&quot;,&quot;_ha_eqh_enable&quot;:false}\">\n\t\t\t\t\t<div class=\"e-con-inner\">\n\t\t\t\t<div class=\"elementor-element elementor-element-927d9a4 elementor-widget-divider--view-line_text elementor-widget-divider--element-align-center elementor-widget elementor-widget-divider\" data-id=\"927d9a4\" data-element_type=\"widget\" data-widget_type=\"divider.default\">\n\t\t\t\t<div class=\"elementor-widget-container\">\n\t\t\t\t\t\t\t<div class=\"elementor-divider\">\n\t\t\t<span class=\"elementor-divider-separator\">\n\t\t\t\t\t\t\t<span class=\"elementor-divider__text elementor-divider__element\">\n\t\t\t\tRESERVAR UNA MESA\t\t\t\t<\/span>\n\t\t\t\t\t\t<\/span>\n\t\t<\/div>\n\t\t\t\t\t\t<\/div>\n\t\t\t\t<\/div>\n\t\t\t\t<div class=\"elementor-element elementor-element-09e32b4 elementor-widget elementor-widget-ha-creative-button happy-addon ha-creative-button\" data-id=\"09e32b4\" data-element_type=\"widget\" data-widget_type=\"ha-creative-button.default\">\n\t\t\t\t<div class=\"elementor-widget-container\">\n\t\t\t\t\t\t\t<div data-magnetic=\"no\" class=\"ha-creative-btn-wrap\">\n\t\t\t<a class=\"ha-creative-btn ha-stl--hermosa ha-eft--bloom\" href=\"https:\/\/www.google.com\/maps\/reserve\/v\/dine\/c\/1ZpU9e5nF7s?source=pa&#038;opi=79508299&#038;hl=it-IT&#038;gei=DoIRaf3HOcuNxc8Poc3i0Qw&#038;sourceurl=https:\/\/www.google.com\/maps\/preview\/place?authuser%3D0%26hl%3Dit%26gl%3Dit%26pb%3D!1m15!1s0x47843dadfcead8f9:0x9a16ea3911e380f6!2s!3m12!1m3!1d11090.149205691117!2d9.2219155!3d45.9804987!2m3!1f0!2f0!3f0!3m2!1i1024!2i768!4f13.1!12m4!2m3!1i360!2i120!4i8!13m65!2m2!1i203!2i100!3m2!2i4!5b1!6m6!1m2!1i86!2i86!1m2!1i408!2i240!7m33!1m3!1e1!2b0!3e3!1m3!1e2!2b1!3e2!1m3!1e2!2b0!3e3!1m3!1e8!2b0!3e3!1m3!1e10!2b0!3e3!1m3!1e10!2b1!3e2!1m3!1e10!2b0!3e4!1m3!1e9!2b1!3e2!2b1!9b0!15m16!1m7!1m2!1m1!1e2!2m2!1i195!2i195!3i20!1m7!1m2!1m1!1e2!2m2!1i195!2i195!3i20!14m3!1sDoIRaaOYDpvm7_UP3bPOuQw!7e81!15i10112!15m132!1m31!13m9!2b1!3b1!4b1!6i1!8b1!9b1!14b1!20b1!25b1!18m20!3b1!4b1!5b1!6b1!9b1!13b1!14b1!17b1!20b1!21b1!22b1!27m1!1b0!28b0!30b1!32b1!33m1!1b1!34b1!36e2!10m1!8e3!11m2!3e1!3e1!14m1!3b0!17b1!20m4!1e3!1e6!1e3!1e6!24b1!25b1!26b1!27b1!29b1!30m1!2b1!36b1!37b1!39m3!2m2!2i1!3i1!43b1!52b1!54m1!1b1!55b1!56m1!1b1!61m4!1m1!1e1!1m1!1e1!65m9!3m8!1m3!1m2!1i224!2i298!1m3!1m2!1i224!2i298!72m35!1m10!2b1!5b1!7b1!12m6!1b1!2b1!4m1!1e1!4m1!1e1!4b1!8m10!1m6!4m1!1e1!4m1!1e3!4m1!1e4!3sother_user_google_review_posts__and__hotel_and_vr_partner_review_posts!6m1!1e1!8m10!1m6!4m1!1e1!4m1!1e3!4m1!1e4!3sother_user_google_review_posts__and__hotel_and_vr_partner_review_posts!6m1!1e1!9b1!89b1!98m3!1b1!2b1!3b1!103b1!113b1!114m3!1b1!2m1!1b1!117b1!122m1!1b1!126b1!127b1!21m28!1m6!1m2!1i0!2i0!2m2!1i530!2i768!1m6!1m2!1i974!2i0!2m2!1i1024!2i768!1m6!1m2!1i0!2i0!2m2!1i1024!2i20!1m6!1m2!1i0!2i748!2m2!1i1024!2i768!22m1!1e81!30m8!3b1!6m2!1b1!2b1!7m2!1e3!2b1!9b1!34m5!7b1!10b1!14b1!15m1!1b0!37i757!39sRistorante%2B%27Belle%2BIle%27%26q%3D*\" target=\"_blank\"><div><\/div><span>Reservar<\/span><\/a>\n\t\t<\/div>\t\t\t\t<\/div>\n\t\t\t\t<\/div>\n\t\t\t\t<div class=\"elementor-element elementor-element-0ab9ec5 elementor-widget elementor-widget-heading\" data-id=\"0ab9ec5\" data-element_type=\"widget\" data-widget_type=\"heading.default\">\n\t\t\t\t<div class=\"elementor-widget-container\">\n\t\t\t\t\t<h2 class=\"elementor-heading-title elementor-size-default\">Contactos<\/h2>\t\t\t\t<\/div>\n\t\t\t\t<\/div>\n\t\t\t\t<div class=\"elementor-element elementor-element-a719fc7 elementor-widget elementor-widget-spacer\" data-id=\"a719fc7\" data-element_type=\"widget\" data-widget_type=\"spacer.default\">\n\t\t\t\t<div class=\"elementor-widget-container\">\n\t\t\t\t\t\t\t<div class=\"elementor-spacer\">\n\t\t\t<div class=\"elementor-spacer-inner\"><\/div>\n\t\t<\/div>\n\t\t\t\t\t\t<\/div>\n\t\t\t\t<\/div>\n\t\t\t\t\t<\/div>\n\t\t\t\t<\/div>\n\t\t<div class=\"elementor-element elementor-element-722716f e-flex e-con-boxed e-con e-parent\" data-id=\"722716f\" data-element_type=\"container\" data-settings=\"{&quot;background_background&quot;:&quot;classic&quot;,&quot;_ha_eqh_enable&quot;:false}\">\n\t\t\t\t\t<div class=\"e-con-inner\">\n\t\t<div class=\"elementor-element elementor-element-6bf3b19 e-con-full e-flex elementor-invisible e-con e-child\" data-id=\"6bf3b19\" data-element_type=\"container\" data-settings=\"{&quot;animation&quot;:&quot;fadeInLeft&quot;,&quot;_ha_eqh_enable&quot;:false}\">\n\t\t\t\t<div class=\"elementor-element elementor-element-2a97f7b elementor-widget elementor-widget-html\" data-id=\"2a97f7b\" data-element_type=\"widget\" data-widget_type=\"html.default\">\n\t\t\t\t<div class=\"elementor-widget-container\">\n\t\t\t\t\t<iframe src=\"https:\/\/www.google.com\/maps\/embed?pb=!1m18!1m12!1m3!1d2772.074348877551!2d9.233834776867917!3d45.989744771087395!2m3!1f0!2f0!3f0!3m2!1i1024!2i768!4f13.1!3m3!1m2!1s0x47843dadfcead8f9%3A0x9a16ea3911e380f6!2sRistorante%20'Belle%20Ile'!5e0!3m2!1sit!2sit!4v1703238737004!5m2!1sit!2sit\" width=\"600\" height=\"450\" style=\"border:0; border-radius: 10px;\" allowfullscreen=\"\" loading=\"lazy\" referrerpolicy=\"no-referrer-when-downgrade\"><\/iframe>\t\t\t\t<\/div>\n\t\t\t\t<\/div>\n\t\t\t\t<\/div>\n\t\t<div class=\"elementor-element elementor-element-445346b e-con-full e-flex elementor-invisible e-con e-child\" data-id=\"445346b\" data-element_type=\"container\" data-settings=\"{&quot;background_background&quot;:&quot;classic&quot;,&quot;animation&quot;:&quot;fadeInRight&quot;,&quot;_ha_eqh_enable&quot;:false}\">\n\t\t\t\t<div class=\"elementor-element elementor-element-545ee6a elementor-widget-divider--view-line_text elementor-widget-divider--element-align-left elementor-widget elementor-widget-divider\" data-id=\"545ee6a\" data-element_type=\"widget\" data-widget_type=\"divider.default\">\n\t\t\t\t<div class=\"elementor-widget-container\">\n\t\t\t\t\t\t\t<div class=\"elementor-divider\">\n\t\t\t<span class=\"elementor-divider-separator\">\n\t\t\t\t\t\t\t<span class=\"elementor-divider__text elementor-divider__element\">\n\t\t\t\tINFORMACI\u00d3N \u00daTIL\t\t\t\t<\/span>\n\t\t\t\t\t\t<\/span>\n\t\t<\/div>\n\t\t\t\t\t\t<\/div>\n\t\t\t\t<\/div>\n\t\t\t\t<div class=\"elementor-element elementor-element-743301d elementor-icon-list--layout-traditional elementor-list-item-link-full_width elementor-widget elementor-widget-icon-list\" data-id=\"743301d\" data-element_type=\"widget\" data-widget_type=\"icon-list.default\">\n\t\t\t\t<div class=\"elementor-widget-container\">\n\t\t\t\t\t\t\t<ul class=\"elementor-icon-list-items\">\n\t\t\t\t\t\t\t<li class=\"elementor-icon-list-item\">\n\t\t\t\t\t\t\t\t\t\t\t<a href=\"tel:034441003\">\n\n\t\t\t\t\t\t\t\t\t\t\t\t<span class=\"elementor-icon-list-icon\">\n\t\t\t\t\t\t\t<i aria-hidden=\"true\" class=\"fas fa-phone\"><\/i>\t\t\t\t\t\t<\/span>\n\t\t\t\t\t\t\t\t\t\t<span class=\"elementor-icon-list-text\">0344 41003<\/span>\n\t\t\t\t\t\t\t\t\t\t\t<\/a>\n\t\t\t\t\t\t\t\t\t<\/li>\n\t\t\t\t\t\t\t\t<li class=\"elementor-icon-list-item\">\n\t\t\t\t\t\t\t\t\t\t\t<a href=\"mailto:belleile.restaurant@gmail.com\">\n\n\t\t\t\t\t\t\t\t\t\t\t\t<span class=\"elementor-icon-list-icon\">\n\t\t\t\t\t\t\t<i aria-hidden=\"true\" class=\"far fa-envelope\"><\/i>\t\t\t\t\t\t<\/span>\n\t\t\t\t\t\t\t\t\t\t<span class=\"elementor-icon-list-text\">belleile.restaurant@gmail.com<\/span>\n\t\t\t\t\t\t\t\t\t\t\t<\/a>\n\t\t\t\t\t\t\t\t\t<\/li>\n\t\t\t\t\t\t\t\t<li class=\"elementor-icon-list-item\">\n\t\t\t\t\t\t\t\t\t\t\t<a href=\"mailto:belleile.restaurant@gmail.com\">\n\n\t\t\t\t\t\t\t\t\t\t\t\t<span class=\"elementor-icon-list-icon\">\n\t\t\t\t\t\t\t<i aria-hidden=\"true\" class=\"fas fa-map-marker-alt\"><\/i>\t\t\t\t\t\t<\/span>\n\t\t\t\t\t\t\t\t\t\t<span class=\"elementor-icon-list-text\">Via Statale, 25 - 22011 - Griante (CO)<\/span>\n\t\t\t\t\t\t\t\t\t\t\t<\/a>\n\t\t\t\t\t\t\t\t\t<\/li>\n\t\t\t\t\t\t<\/ul>\n\t\t\t\t\t\t<\/div>\n\t\t\t\t<\/div>\n\t\t\t\t<div class=\"elementor-element elementor-element-54d85cc elementor-widget-divider--view-line_text elementor-widget-divider--element-align-left elementor-widget elementor-widget-divider\" data-id=\"54d85cc\" data-element_type=\"widget\" data-widget_type=\"divider.default\">\n\t\t\t\t<div class=\"elementor-widget-container\">\n\t\t\t\t\t\t\t<div class=\"elementor-divider\">\n\t\t\t<span class=\"elementor-divider-separator\">\n\t\t\t\t\t\t\t<span class=\"elementor-divider__text elementor-divider__element\">\n\t\t\t\tHORARIOS\t\t\t\t<\/span>\n\t\t\t\t\t\t<\/span>\n\t\t<\/div>\n\t\t\t\t\t\t<\/div>\n\t\t\t\t<\/div>\n\t\t\t\t<div class=\"elementor-element elementor-element-1bd1f51 elementor-widget elementor-widget-text-editor\" data-id=\"1bd1f51\" data-element_type=\"widget\" data-widget_type=\"text-editor.default\">\n\t\t\t\t<div class=\"elementor-widget-container\">\n\t\t\t\t\t\t\t\t\t<p>AVISO PARA RESERVAS DE ALMUERZO<\/p><p>Informamos a nuestros clientes que todas las reservas confirmadas para almuerzos de grupo seguir\u00e1n siendo v\u00e1lidas y ser\u00e1n respetadas.<\/p><p>Tambi\u00e9n se pueden organizar almuerzos para grupos de al menos 20 personas, sujetos a disponibilidad y confirmaci\u00f3n previa.<\/p><p>Para obtener m\u00e1s informaci\u00f3n o solicitar una reserva, p\u00f3ngase en contacto con nosotros.<\/p>\t\t\t\t\t\t\t\t<\/div>\n\t\t\t\t<\/div>\n\t\t\t\t<div class=\"elementor-element elementor-element-dc602b5 elementor-icon-list--layout-traditional elementor-list-item-link-full_width elementor-widget elementor-widget-icon-list\" data-id=\"dc602b5\" data-element_type=\"widget\" data-widget_type=\"icon-list.default\">\n\t\t\t\t<div class=\"elementor-widget-container\">\n\t\t\t\t\t\t\t<ul class=\"elementor-icon-list-items\">\n\t\t\t\t\t\t\t<li class=\"elementor-icon-list-item\">\n\t\t\t\t\t\t\t\t\t\t\t<span class=\"elementor-icon-list-icon\">\n\t\t\t\t\t\t\t<i aria-hidden=\"true\" class=\"far fa-clock\"><\/i>\t\t\t\t\t\t<\/span>\n\t\t\t\t\t\t\t\t\t\t<span class=\"elementor-icon-list-text\">Lunes 19.00 - 22.00<\/span>\n\t\t\t\t\t\t\t\t\t<\/li>\n\t\t\t\t\t\t\t\t<li class=\"elementor-icon-list-item\">\n\t\t\t\t\t\t\t\t\t\t\t<span class=\"elementor-icon-list-icon\">\n\t\t\t\t\t\t\t<i aria-hidden=\"true\" class=\"far fa-clock\"><\/i>\t\t\t\t\t\t<\/span>\n\t\t\t\t\t\t\t\t\t\t<span class=\"elementor-icon-list-text\">Martes 19.00 - 22.00<\/span>\n\t\t\t\t\t\t\t\t\t<\/li>\n\t\t\t\t\t\t\t\t<li class=\"elementor-icon-list-item\">\n\t\t\t\t\t\t\t\t\t\t\t<span class=\"elementor-icon-list-icon\">\n\t\t\t\t\t\t\t<i aria-hidden=\"true\" class=\"far fa-clock\"><\/i>\t\t\t\t\t\t<\/span>\n\t\t\t\t\t\t\t\t\t\t<span class=\"elementor-icon-list-text\">Mi\u00e9rcoles cerrado<\/span>\n\t\t\t\t\t\t\t\t\t<\/li>\n\t\t\t\t\t\t\t\t<li class=\"elementor-icon-list-item\">\n\t\t\t\t\t\t\t\t\t\t\t<span class=\"elementor-icon-list-icon\">\n\t\t\t\t\t\t\t<i aria-hidden=\"true\" class=\"far fa-clock\"><\/i>\t\t\t\t\t\t<\/span>\n\t\t\t\t\t\t\t\t\t\t<span class=\"elementor-icon-list-text\">Jueves 19.00 - 22.00<\/span>\n\t\t\t\t\t\t\t\t\t<\/li>\n\t\t\t\t\t\t\t\t<li class=\"elementor-icon-list-item\">\n\t\t\t\t\t\t\t\t\t\t\t<span class=\"elementor-icon-list-icon\">\n\t\t\t\t\t\t\t<i aria-hidden=\"true\" class=\"far fa-clock\"><\/i>\t\t\t\t\t\t<\/span>\n\t\t\t\t\t\t\t\t\t\t<span class=\"elementor-icon-list-text\">Viernes 19.00 - 22.00<\/span>\n\t\t\t\t\t\t\t\t\t<\/li>\n\t\t\t\t\t\t\t\t<li class=\"elementor-icon-list-item\">\n\t\t\t\t\t\t\t\t\t\t\t<span class=\"elementor-icon-list-icon\">\n\t\t\t\t\t\t\t<i aria-hidden=\"true\" class=\"far fa-clock\"><\/i>\t\t\t\t\t\t<\/span>\n\t\t\t\t\t\t\t\t\t\t<span class=\"elementor-icon-list-text\">Sabado 12.00 - 14.30 | 19.00 - 22.00<\/span>\n\t\t\t\t\t\t\t\t\t<\/li>\n\t\t\t\t\t\t\t\t<li class=\"elementor-icon-list-item\">\n\t\t\t\t\t\t\t\t\t\t\t<span class=\"elementor-icon-list-icon\">\n\t\t\t\t\t\t\t<i aria-hidden=\"true\" class=\"far fa-clock\"><\/i>\t\t\t\t\t\t<\/span>\n\t\t\t\t\t\t\t\t\t\t<span class=\"elementor-icon-list-text\">Domingo 12.00 - 14.30 | 19.00 - 22.00<\/span>\n\t\t\t\t\t\t\t\t\t<\/li>\n\t\t\t\t\t\t<\/ul>\n\t\t\t\t\t\t<\/div>\n\t\t\t\t<\/div>\n\t\t\t\t<div class=\"elementor-element elementor-element-6a5380b elementor-widget-divider--view-line_text elementor-widget-divider--element-align-left elementor-widget elementor-widget-divider\" data-id=\"6a5380b\" data-element_type=\"widget\" data-widget_type=\"divider.default\">\n\t\t\t\t<div class=\"elementor-widget-container\">\n\t\t\t\t\t\t\t<div class=\"elementor-divider\">\n\t\t\t<span class=\"elementor-divider-separator\">\n\t\t\t\t\t\t\t<span class=\"elementor-divider__text elementor-divider__element\">\n\t\t\t\tSOCIAL\t\t\t\t<\/span>\n\t\t\t\t\t\t<\/span>\n\t\t<\/div>\n\t\t\t\t\t\t<\/div>\n\t\t\t\t<\/div>\n\t\t\t\t<div class=\"elementor-element elementor-element-ae3cb7e elementor-icon-list--layout-traditional elementor-list-item-link-full_width elementor-widget elementor-widget-icon-list\" data-id=\"ae3cb7e\" data-element_type=\"widget\" data-widget_type=\"icon-list.default\">\n\t\t\t\t<div class=\"elementor-widget-container\">\n\t\t\t\t\t\t\t<ul class=\"elementor-icon-list-items\">\n\t\t\t\t\t\t\t<li class=\"elementor-icon-list-item\">\n\t\t\t\t\t\t\t\t\t\t\t<a href=\"https:\/\/www.instagram.com\/belleile.lakecomo\/\" target=\"_blank\">\n\n\t\t\t\t\t\t\t\t\t\t\t\t<span class=\"elementor-icon-list-icon\">\n\t\t\t\t\t\t\t<i aria-hidden=\"true\" class=\"fab fa-instagram\"><\/i>\t\t\t\t\t\t<\/span>\n\t\t\t\t\t\t\t\t\t\t<span class=\"elementor-icon-list-text\">belleile.lakecomo<\/span>\n\t\t\t\t\t\t\t\t\t\t\t<\/a>\n\t\t\t\t\t\t\t\t\t<\/li>\n\t\t\t\t\t\t<\/ul>\n\t\t\t\t\t\t<\/div>\n\t\t\t\t<\/div>\n\t\t\t\t<\/div>\n\t\t\t\t\t<\/div>\n\t\t\t\t<\/div>\n\t\t\t\t<\/div>\n\t\t","protected":false},"excerpt":{"rendered":"<p>RESERVAR UNA MESA Reservar Contactos INFORMACI\u00d3N \u00daTIL 0344 41003 belleile.restaurant@gmail.com Via Statale, 25 &#8211; 22011 &#8211; Griante (CO) HORARIOS AVISO PARA RESERVAS DE ALMUERZO Informamos a nuestros clientes que todas las reservas confirmadas para almuerzos de grupo seguir\u00e1n siendo v\u00e1lidas y ser\u00e1n respetadas. Tambi\u00e9n se pueden organizar almuerzos para grupos de al menos 20 personas, [&hellip;]<\/p>\n","protected":false},"author":1,"featured_media":0,"parent":0,"menu_order":0,"comment_status":"closed","ping_status":"closed","template":"","meta":{"_acf_changed":false,"footnotes":""},"class_list":["post-1475","page","type-page","status-publish","hentry"],"acf":[],"yoast_head":"<!-- This site is optimized with the Yoast SEO plugin v26.3 - https:\/\/yoast.com\/wordpress\/plugins\/seo\/ -->\n<title>Contactos - Belle Ile Bar &amp; Restaurant<\/title>\n<meta name=\"robots\" content=\"index, follow, max-snippet:-1, max-image-preview:large, max-video-preview:-1\" \/>\n<link rel=\"canonical\" href=\"https:\/\/belleile.it\/es\/contatti\/\" \/>\n<meta property=\"og:locale\" content=\"es_ES\" \/>\n<meta property=\"og:type\" content=\"article\" \/>\n<meta property=\"og:title\" content=\"Contactos - Belle Ile Bar &amp; Restaurant\" \/>\n<meta property=\"og:description\" content=\"RESERVAR UNA MESA Reservar Contactos INFORMACI\u00d3N \u00daTIL 0344 41003 belleile.restaurant@gmail.com Via Statale, 25 &#8211; 22011 &#8211; Griante (CO) HORARIOS AVISO PARA RESERVAS DE ALMUERZO Informamos a nuestros clientes que todas las reservas confirmadas para almuerzos de grupo seguir\u00e1n siendo v\u00e1lidas y ser\u00e1n respetadas. Tambi\u00e9n se pueden organizar almuerzos para grupos de al menos 20 personas, [&hellip;]\" \/>\n<meta property=\"og:url\" content=\"https:\/\/belleile.it\/es\/contatti\/\" \/>\n<meta property=\"og:site_name\" content=\"Belle Ile Bar &amp; Restaurant\" \/>\n<meta property=\"article:modified_time\" content=\"2026-03-27T08:26:14+00:00\" \/>\n<meta property=\"og:image\" content=\"https:\/\/belleile.it\/wp-content\/uploads\/2024\/01\/Belle-Ile-img.jpg\" \/>\n\t<meta property=\"og:image:width\" content=\"1200\" \/>\n\t<meta property=\"og:image:height\" content=\"675\" \/>\n\t<meta property=\"og:image:type\" content=\"image\/jpeg\" \/>\n<meta name=\"twitter:card\" content=\"summary_large_image\" \/>\n<meta name=\"twitter:label1\" content=\"Tiempo de lectura\" \/>\n\t<meta name=\"twitter:data1\" content=\"1 minuto\" \/>\n<script type=\"application\/ld+json\" class=\"yoast-schema-graph\">{\"@context\":\"https:\/\/schema.org\",\"@graph\":[{\"@type\":\"WebPage\",\"@id\":\"https:\/\/belleile.it\/es\/contatti\/\",\"url\":\"https:\/\/belleile.it\/es\/contatti\/\",\"name\":\"Contactos - Belle Ile Bar &amp; Restaurant\",\"isPartOf\":{\"@id\":\"https:\/\/belleile.it\/es\/#website\"},\"datePublished\":\"2023-12-04T15:19:18+00:00\",\"dateModified\":\"2026-03-27T08:26:14+00:00\",\"breadcrumb\":{\"@id\":\"https:\/\/belleile.it\/es\/contatti\/#breadcrumb\"},\"inLanguage\":\"es\",\"potentialAction\":[{\"@type\":\"ReadAction\",\"target\":[\"https:\/\/belleile.it\/es\/contatti\/\"]}]},{\"@type\":\"BreadcrumbList\",\"@id\":\"https:\/\/belleile.it\/es\/contatti\/#breadcrumb\",\"itemListElement\":[{\"@type\":\"ListItem\",\"position\":1,\"name\":\"Home\",\"item\":\"https:\/\/belleile.it\/es\/home\/\"},{\"@type\":\"ListItem\",\"position\":2,\"name\":\"Contactos\"}]},{\"@type\":\"WebSite\",\"@id\":\"https:\/\/belleile.it\/es\/#website\",\"url\":\"https:\/\/belleile.it\/es\/\",\"name\":\"Belle Ile Bar & Restaurant\",\"description\":\"Ristorante Lago di Como\",\"publisher\":{\"@id\":\"https:\/\/belleile.it\/es\/#organization\"},\"potentialAction\":[{\"@type\":\"SearchAction\",\"target\":{\"@type\":\"EntryPoint\",\"urlTemplate\":\"https:\/\/belleile.it\/es\/?s={search_term_string}\"},\"query-input\":{\"@type\":\"PropertyValueSpecification\",\"valueRequired\":true,\"valueName\":\"search_term_string\"}}],\"inLanguage\":\"es\"},{\"@type\":\"Organization\",\"@id\":\"https:\/\/belleile.it\/es\/#organization\",\"name\":\"Belle Ile Bar & Restaurant\",\"url\":\"https:\/\/belleile.it\/es\/\",\"logo\":{\"@type\":\"ImageObject\",\"inLanguage\":\"es\",\"@id\":\"https:\/\/belleile.it\/es\/#\/schema\/logo\/image\/\",\"url\":\"https:\/\/belleile.it\/wp-content\/uploads\/2023\/12\/logo-salvia.webp\",\"contentUrl\":\"https:\/\/belleile.it\/wp-content\/uploads\/2023\/12\/logo-salvia.webp\",\"width\":2000,\"height\":751,\"caption\":\"Belle Ile Bar & Restaurant\"},\"image\":{\"@id\":\"https:\/\/belleile.it\/es\/#\/schema\/logo\/image\/\"},\"sameAs\":[\"https:\/\/www.instagram.com\/belleile.lakecomo\/\"]}]}<\/script>\n<!-- \/ Yoast SEO plugin. -->","yoast_head_json":{"title":"Contactos - Belle Ile Bar &amp; Restaurant","robots":{"index":"index","follow":"follow","max-snippet":"max-snippet:-1","max-image-preview":"max-image-preview:large","max-video-preview":"max-video-preview:-1"},"canonical":"https:\/\/belleile.it\/es\/contatti\/","og_locale":"es_ES","og_type":"article","og_title":"Contactos - Belle Ile Bar &amp; Restaurant","og_description":"RESERVAR UNA MESA Reservar Contactos INFORMACI\u00d3N \u00daTIL 0344 41003 belleile.restaurant@gmail.com Via Statale, 25 &#8211; 22011 &#8211; Griante (CO) HORARIOS AVISO PARA RESERVAS DE ALMUERZO Informamos a nuestros clientes que todas las reservas confirmadas para almuerzos de grupo seguir\u00e1n siendo v\u00e1lidas y ser\u00e1n respetadas. Tambi\u00e9n se pueden organizar almuerzos para grupos de al menos 20 personas, [&hellip;]","og_url":"https:\/\/belleile.it\/es\/contatti\/","og_site_name":"Belle Ile Bar &amp; Restaurant","article_modified_time":"2026-03-27T08:26:14+00:00","og_image":[{"width":1200,"height":675,"url":"https:\/\/belleile.it\/wp-content\/uploads\/2024\/01\/Belle-Ile-img.jpg","type":"image\/jpeg"}],"twitter_card":"summary_large_image","twitter_misc":{"Tiempo de lectura":"1 minuto"},"schema":{"@context":"https:\/\/schema.org","@graph":[{"@type":"WebPage","@id":"https:\/\/belleile.it\/es\/contatti\/","url":"https:\/\/belleile.it\/es\/contatti\/","name":"Contactos - Belle Ile Bar &amp; Restaurant","isPartOf":{"@id":"https:\/\/belleile.it\/es\/#website"},"datePublished":"2023-12-04T15:19:18+00:00","dateModified":"2026-03-27T08:26:14+00:00","breadcrumb":{"@id":"https:\/\/belleile.it\/es\/contatti\/#breadcrumb"},"inLanguage":"es","potentialAction":[{"@type":"ReadAction","target":["https:\/\/belleile.it\/es\/contatti\/"]}]},{"@type":"BreadcrumbList","@id":"https:\/\/belleile.it\/es\/contatti\/#breadcrumb","itemListElement":[{"@type":"ListItem","position":1,"name":"Home","item":"https:\/\/belleile.it\/es\/home\/"},{"@type":"ListItem","position":2,"name":"Contactos"}]},{"@type":"WebSite","@id":"https:\/\/belleile.it\/es\/#website","url":"https:\/\/belleile.it\/es\/","name":"Belle Ile Bar & Restaurant","description":"Ristorante Lago di Como","publisher":{"@id":"https:\/\/belleile.it\/es\/#organization"},"potentialAction":[{"@type":"SearchAction","target":{"@type":"EntryPoint","urlTemplate":"https:\/\/belleile.it\/es\/?s={search_term_string}"},"query-input":{"@type":"PropertyValueSpecification","valueRequired":true,"valueName":"search_term_string"}}],"inLanguage":"es"},{"@type":"Organization","@id":"https:\/\/belleile.it\/es\/#organization","name":"Belle Ile Bar & Restaurant","url":"https:\/\/belleile.it\/es\/","logo":{"@type":"ImageObject","inLanguage":"es","@id":"https:\/\/belleile.it\/es\/#\/schema\/logo\/image\/","url":"https:\/\/belleile.it\/wp-content\/uploads\/2023\/12\/logo-salvia.webp","contentUrl":"https:\/\/belleile.it\/wp-content\/uploads\/2023\/12\/logo-salvia.webp","width":2000,"height":751,"caption":"Belle Ile Bar & Restaurant"},"image":{"@id":"https:\/\/belleile.it\/es\/#\/schema\/logo\/image\/"},"sameAs":["https:\/\/www.instagram.com\/belleile.lakecomo\/"]}]}},"_links":{"self":[{"href":"https:\/\/belleile.it\/es\/wp-json\/wp\/v2\/pages\/1475","targetHints":{"allow":["GET"]}}],"collection":[{"href":"https:\/\/belleile.it\/es\/wp-json\/wp\/v2\/pages"}],"about":[{"href":"https:\/\/belleile.it\/es\/wp-json\/wp\/v2\/types\/page"}],"author":[{"embeddable":true,"href":"https:\/\/belleile.it\/es\/wp-json\/wp\/v2\/users\/1"}],"replies":[{"embeddable":true,"href":"https:\/\/belleile.it\/es\/wp-json\/wp\/v2\/comments?post=1475"}],"version-history":[{"count":13,"href":"https:\/\/belleile.it\/es\/wp-json\/wp\/v2\/pages\/1475\/revisions"}],"predecessor-version":[{"id":2536,"href":"https:\/\/belleile.it\/es\/wp-json\/wp\/v2\/pages\/1475\/revisions\/2536"}],"wp:attachment":[{"href":"https:\/\/belleile.it\/es\/wp-json\/wp\/v2\/media?parent=1475"}],"curies":[{"name":"wp","href":"https:\/\/api.w.org\/{rel}","templated":true}]}}